{"id":1433,"date":"2024-02-16T15:08:24","date_gmt":"2024-02-16T14:08:24","guid":{"rendered":"http:\/\/wp.k-j.de\/?page_id=1433"},"modified":"2024-03-04T21:50:23","modified_gmt":"2024-03-04T20:50:23","slug":"duales-studium-maschinenbau","status":"publish","type":"page","link":"https:\/\/k-j.de\/?page_id=1433","title":{"rendered":"Duales Studium Maschinenbau"},"content":{"rendered":"<p><div class=\"fusion-fullwidth fullwidth-box fusion-builder-row-1 fusion-flex-container nonhundred-percent-fullwidth non-hundred-percent-height-scrolling\" style=\"--awb-border-radius-top-left:0px;--awb-border-radius-top-right:0px;--awb-border-radius-bottom-right:0px;--awb-border-radius-bottom-left:0px;--awb-flex-wrap:wrap;\" ><div class=\"fusion-builder-row fusion-row fusion-flex-align-items-flex-start fusion-flex-content-wrap\" style=\"max-width:1300px;margin-left: calc(-4% \/ 2 );margin-right: calc(-4% \/ 2 );\"><div class=\"fusion-layout-column fusion_builder_column fusion-builder-column-0 fusion_builder_column_1_1 1_1 fusion-flex-column\" style=\"--awb-bg-size:cover;--awb-width-large:100%;--awb-margin-top-large:0px;--awb-spacing-right-large:1.92%;--awb-margin-bottom-large:0px;--awb-spacing-left-large:1.92%;--awb-width-medium:100%;--awb-spacing-right-medium:1.92%;--awb-spacing-left-medium:1.92%;--awb-width-small:100%;--awb-spacing-right-small:1.92%;--awb-spacing-left-small:1.92%;\"><div class=\"fusion-column-wrapper fusion-flex-justify-content-flex-start fusion-content-layout-column\"><div class=\"fusion-text fusion-text-1\"><h2>Duales Studium Maschinenbau (w\/m\/d)<\/h2>\n<\/div><\/div><\/div><\/div><\/div><div class=\"fusion-fullwidth fullwidth-box fusion-builder-row-2 fusion-flex-container nonhundred-percent-fullwidth non-hundred-percent-height-scrolling\" style=\"--awb-border-radius-top-left:0px;--awb-border-radius-top-right:0px;--awb-border-radius-bottom-right:0px;--awb-border-radius-bottom-left:0px;--awb-flex-wrap:wrap;\" ><div class=\"fusion-builder-row fusion-row fusion-flex-align-items-flex-start fusion-flex-content-wrap\" style=\"max-width:1300px;margin-left: calc(-4% \/ 2 );margin-right: calc(-4% \/ 2 );\"><div class=\"fusion-layout-column fusion_builder_column fusion-builder-column-1 fusion_builder_column_2_3 2_3 fusion-flex-column\" style=\"--awb-bg-size:cover;--awb-width-large:66.666666666667%;--awb-margin-top-large:0px;--awb-spacing-right-large:2.88%;--awb-margin-bottom-large:20px;--awb-spacing-left-large:2.88%;--awb-width-medium:100%;--awb-spacing-right-medium:1.92%;--awb-spacing-left-medium:1.92%;--awb-width-small:100%;--awb-spacing-right-small:1.92%;--awb-spacing-left-small:1.92%;\"><div class=\"fusion-column-wrapper fusion-flex-justify-content-flex-start fusion-content-layout-column\"><div class=\"fusion-text fusion-text-2\"><p>Im Studiengang Maschinenbau werden wissenschaftliches und praktisches Grundlagenwissen in Ingenieurswissenschaften, Konstruktion, Berechnung und Fertigung vermittelt. Im dualen Studiengang wechseln sich die Theoriebl\u00f6cke mit Praxisbl\u00f6cken im Betrieb ab.<\/p>\n<p>Als Dualer Student Maschinenbau (w\/m\/d) in der Fachrichtung Energietechnik und dem Studienschwerpunkt Anlagentechnik werden Sie fest in unser nettes Projektleiterteam integriert. Sie werden einzelne Ingenieure bei ihren Projekten unterst\u00fctzen und k\u00f6nnen sp\u00e4ter auch ein eigenes Projekt betreuen. Auch f\u00fcr Ihre Bachelorthesis werden wir ein gutes, praxisorientierts Thema finden. Die 10 Wochen Vorpraxis k\u00f6nnen Sie ebenfalls in unserer Werkstatt absolvieren.<\/p>\n<p>Das Duale Studium dauert 8 Semester und findet mit der HAW Hamburg am Berliner Tor statt. Der Abschluss ist \u00a0Bachelor of Science.<\/p>\n<p><strong>Ihr Profil<\/strong><br \/>\nSind Sie ein kreatives Planungs- und Organisationstalent mit technischem Grundverst\u00e4ndnis und sehr viel technischem Interesse? M\u00f6gen Sie die praktische Mitarbeit und bringen gern Ihr wirtschaftliches Denken und Handeln ein? Dann sind Sie bei uns genau richtig!<br \/>\nGenerell empfehlen wir das Studium mit Fachhochschulreife oder Abitur mit guten Noten in Mathe, Physik, Chemie und Informatik. Allerdings gibt es auch M\u00f6glichkeiten, ohne Abitur zu studieren. Sprechen Sie uns einfach an!<\/p>\n<p><strong>Unser Angebot<\/strong><\/p>\n<ul>\n<li>generalistische, umfassende, abwechslungsreiche und qualitativ sehr hochwertige Praxiserfahrung in einem sympathischen Team<\/li>\n<li>ein angenehmes, kollegiales Betriebsklima in einem erfolgreichen Unternehmen<\/li>\n<li>Aktivit\u00e4ten mit den Dualen Studenten und Auszubildenden aus allen Ausbildungsg\u00e4ngen und Jahrg\u00e4ngen des KJ-Firmenverbundes<\/li>\n<li>sehr gute, individuelle Betreuung w\u00e4hrend der Praxisphasen<\/li>\n<li>eine interessante, betriebspraktische Fragestellung f\u00fcr die Bachelorthesis<\/li>\n<li>bezahlte Studiengeb\u00fchren<\/li>\n<li>monatliche Werkstudentenverg\u00fctung<\/li>\n<li>Kosten\u00fcbernahme f\u00fcr die HVV Card<\/li>\n<li>betriebliches Gesundheitsmanagement<\/li>\n<li>betriebliche Altersvorsorge<\/li>\n<\/ul>\n<p><strong>KJ-Firmenverbund<\/strong><br \/>\nDas duale Studium Maschinenbau (m\/w\/d) bieten wir bei Knaack &amp; Jahn Rohr- und Anlagenbau in Hamburg Wandsbek an. Auch Eins\u00e4tze in anderen verbundenen Unternehmen sind denkbar. Informieren Sie sich <a href=\"http:\/\/www.knaack-jahn.de\">hier<\/a>, um mehr \u00fcber die Firma zu erfahren.<\/p>\n<\/div><\/div><\/div><div class=\"fusion-layout-column fusion_builder_column fusion-builder-column-2 fusion_builder_column_1_3 1_3 fusion-flex-column seitenspalte_rechts\" style=\"--awb-padding-left:15px;--awb-bg-size:cover;--awb-border-color:#00629f;--awb-border-top:0;--awb-border-right:0;--awb-border-bottom:0;--awb-border-left:2px;--awb-border-style:dotted;--awb-width-large:33.333333333333%;--awb-margin-top-large:0px;--awb-spacing-right-large:5.76%;--awb-margin-bottom-large:20px;--awb-spacing-left-large:5.76%;--awb-width-medium:100%;--awb-order-medium:0;--awb-spacing-right-medium:1.92%;--awb-spacing-left-medium:1.92%;--awb-width-small:100%;--awb-order-small:0;--awb-spacing-right-small:1.92%;--awb-spacing-left-small:1.92%;\"><div class=\"fusion-column-wrapper fusion-column-has-shadow fusion-flex-justify-content-flex-start fusion-content-layout-column\"><div class=\"fusion-text fusion-text-3\"><p>Bei Interesse und weiteren Fragen rufe uns einfach an.<br \/>\nOder sende uns Deine Bewerbung.<br \/>\nUnser Team freut sich auf Dich!<\/p>\n<p>KNAACK &amp; JAHN Firmenverbund<br \/>\nKathrin Friedrich<br \/>\nMobil + <a href=\"https:\/\/wa.me\/4915119111423\">WhatsApp<\/a> <a href=\"tel:+4915119111423\">0151 19 11 14 23<\/a><br \/>\n<a href=\"mailto:Bewerbung@k-j.de\"><b>Bewerbung@k-j.de<\/b><\/a><br \/>\nUsedomstra\u00dfe 16<br \/>\n22047 Hamburg<\/p>\n<\/div><div class=\"fusion-image-element \" style=\"--awb-caption-title-font-family:var(--h2_typography-font-family);--awb-caption-title-font-weight:var(--h2_typography-font-weight);--awb-caption-title-font-style:var(--h2_typography-font-style);--awb-caption-title-size:var(--h2_typography-font-size);--awb-caption-title-transform:var(--h2_typography-text-transform);--awb-caption-title-line-height:var(--h2_typography-line-height);--awb-caption-title-letter-spacing:var(--h2_typography-letter-spacing);\"><span class=\" fusion-imageframe imageframe-none imageframe-1 hover-type-none\"><img decoding=\"async\" width=\"300\" height=\"200\" title=\"Dual Maschinenbau transparent\" src=\"http:\/\/k-j.de\/wp-content\/uploads\/2024\/02\/2605_7291-Dual-Maschinenbau.png\" alt class=\"img-responsive wp-image-1474\" srcset=\"https:\/\/k-j.de\/wp-content\/uploads\/2024\/02\/2605_7291-Dual-Maschinenbau-200x133.png 200w, https:\/\/k-j.de\/wp-content\/uploads\/2024\/02\/2605_7291-Dual-Maschinenbau.png 300w\" sizes=\"(max-width: 1024px) 100vw, (max-width: 640px) 100vw, 300px\" \/><\/span><\/div><\/div><\/div><\/div><\/div><\/p>\n","protected":false},"excerpt":{"rendered":"","protected":false},"author":1,"featured_media":0,"parent":1345,"menu_order":0,"comment_status":"closed","ping_status":"closed","template":"","meta":{"footnotes":""},"_links":{"self":[{"href":"https:\/\/k-j.de\/index.php?rest_route=\/wp\/v2\/pages\/1433"}],"collection":[{"href":"https:\/\/k-j.de\/index.php?rest_route=\/wp\/v2\/pages"}],"about":[{"href":"https:\/\/k-j.de\/index.php?rest_route=\/wp\/v2\/types\/page"}],"author":[{"embeddable":true,"href":"https:\/\/k-j.de\/index.php?rest_route=\/wp\/v2\/users\/1"}],"replies":[{"embeddable":true,"href":"https:\/\/k-j.de\/index.php?rest_route=%2Fwp%2Fv2%2Fcomments&post=1433"}],"version-history":[{"count":7,"href":"https:\/\/k-j.de\/index.php?rest_route=\/wp\/v2\/pages\/1433\/revisions"}],"predecessor-version":[{"id":1613,"href":"https:\/\/k-j.de\/index.php?rest_route=\/wp\/v2\/pages\/1433\/revisions\/1613"}],"up":[{"embeddable":true,"href":"https:\/\/k-j.de\/index.php?rest_route=\/wp\/v2\/pages\/1345"}],"wp:attachment":[{"href":"https:\/\/k-j.de\/index.php?rest_route=%2Fwp%2Fv2%2Fmedia&parent=1433"}],"curies":[{"name":"wp","href":"https:\/\/api.w.org\/{rel}","templated":true}]}}