{"id":1431,"date":"2024-02-16T14:56:14","date_gmt":"2024-02-16T13:56:14","guid":{"rendered":"http:\/\/wp.k-j.de\/?page_id=1431"},"modified":"2024-03-12T18:28:56","modified_gmt":"2024-03-12T17:28:56","slug":"kaufmann-it-systemmanagement","status":"publish","type":"page","link":"https:\/\/k-j.de\/?page_id=1431","title":{"rendered":"Kaufmann IT-Systemmanagement"},"content":{"rendered":"<p><div class=\"fusion-fullwidth fullwidth-box fusion-builder-row-1 fusion-flex-container nonhundred-percent-fullwidth non-hundred-percent-height-scrolling\" style=\"--awb-border-radius-top-left:0px;--awb-border-radius-top-right:0px;--awb-border-radius-bottom-right:0px;--awb-border-radius-bottom-left:0px;--awb-flex-wrap:wrap;\" ><div class=\"fusion-builder-row fusion-row fusion-flex-align-items-flex-start fusion-flex-content-wrap\" style=\"max-width:1300px;margin-left: calc(-4% \/ 2 );margin-right: calc(-4% \/ 2 );\"><div class=\"fusion-layout-column fusion_builder_column fusion-builder-column-0 fusion_builder_column_1_1 1_1 fusion-flex-column\" style=\"--awb-bg-size:cover;--awb-width-large:100%;--awb-margin-top-large:0px;--awb-spacing-right-large:1.92%;--awb-margin-bottom-large:0px;--awb-spacing-left-large:1.92%;--awb-width-medium:100%;--awb-spacing-right-medium:1.92%;--awb-spacing-left-medium:1.92%;--awb-width-small:100%;--awb-spacing-right-small:1.92%;--awb-spacing-left-small:1.92%;\"><div class=\"fusion-column-wrapper fusion-flex-justify-content-flex-start fusion-content-layout-column\"><div class=\"fusion-text fusion-text-1\"><h2>Kaufmann IT-Systemmanagement (w\/m\/d)<\/h2>\n<\/div><\/div><\/div><\/div><\/div><div class=\"fusion-fullwidth fullwidth-box fusion-builder-row-2 fusion-flex-container nonhundred-percent-fullwidth non-hundred-percent-height-scrolling\" style=\"--awb-border-radius-top-left:0px;--awb-border-radius-top-right:0px;--awb-border-radius-bottom-right:0px;--awb-border-radius-bottom-left:0px;--awb-flex-wrap:wrap;\" ><div class=\"fusion-builder-row fusion-row fusion-flex-align-items-flex-start fusion-flex-content-wrap\" style=\"max-width:1300px;margin-left: calc(-4% \/ 2 );margin-right: calc(-4% \/ 2 );\"><div class=\"fusion-layout-column fusion_builder_column fusion-builder-column-1 fusion_builder_column_2_3 2_3 fusion-flex-column\" style=\"--awb-bg-size:cover;--awb-width-large:66.666666666667%;--awb-margin-top-large:0px;--awb-spacing-right-large:2.88%;--awb-margin-bottom-large:20px;--awb-spacing-left-large:2.88%;--awb-width-medium:100%;--awb-spacing-right-medium:1.92%;--awb-spacing-left-medium:1.92%;--awb-width-small:100%;--awb-spacing-right-small:1.92%;--awb-spacing-left-small:1.92%;\"><div class=\"fusion-column-wrapper fusion-flex-justify-content-flex-start fusion-content-layout-column\"><div class=\"fusion-text fusion-text-2\"><p>Kaufleute f\u00fcr IT-Systemmanagement beraten bei der Planung und Anschaffung von IT-Systemen und pr\u00e4sentieren kundenspezifisch passende L\u00f6sungen. F\u00fcr die Beschaffung von Hard- und Software holen sie Angebote ein und f\u00fchren Vertragsverhandlungen. Dabei werden sowohl technische als auch kaufm\u00e4nnische Belange ber\u00fccksichtigt. Weitere T\u00e4tigkeitsfelder sind IT-Sicherheit und Datenschutz.<\/p>\n<p>Als Azubi f\u00fcr IT-Systemmanagement (w\/m\/d) wirst Du fest in unser nettes IT-Team integriert und arbeitest mit allen Teammitgliedern eng zusammen. Wir betreuen den gesamten KJ-Firmenverbund in allen Fragen rund um Telekommunikation und IT! In alle Aufgaben wirst Du eingebunden. Das sind vor allem First und Second Level Support, Beschaffung, Konfiguration und Wartung von Hard- und Software, Softwarelizenzverwaltung, Installation und Konfiguration der IT-Infrastruktur, Ausfallsicherheit und Backup, Benutzer- und Berechtigungsverwaltung, Absicherung und Security. Mit zunehmendem Ausbildungsfortschritt kannst Du eigene, feste Aufgaben oder Projekte \u00fcbernehmen.<\/p>\n<p>Die Ausbildung dauert 3 Jahre. Der Unterricht findet an der Berufsschule 23 in der City Nord in Teilzeit (zwei halbe Tage die Woche) statt.<\/p>\n<p><strong>Dein Profil<\/strong><\/p>\n<p>Wir suchen einen sympathischen kaufm\u00e4nnischen Denker und Macher mit Verhandlungsgeschick, der kommunikativ, sorgf\u00e4ltig und lernbereit ist. Deine Leidenschaft ist alles rund um den Computer? Weist Du ausserdem eine hohe Kunden- und Serviceorientierung auf? Dann bist Du bei uns genau richtig!<\/p>\n<p>Du ben\u00f6tigst bei uns mindestens einen sehr guten MSA, gern auch Fachhochschulreife oder Abitur. Die F\u00e4cher Mathe, Deutsch, Wirtschaft, Informatik und Englisch haben Dich in der Schule interessiert? Dann lerne uns kennen und bewirb Dich gleich bei uns! Wir freuen uns auf Dich!<\/p>\n<p><strong>Unser Angebot<\/strong><\/p>\n<ul>\n<li>eine generalistische, umfassende, abwechslungsreiche und qualitativ sehr hochwertige Ausbildung in einem sympathischen Team<\/li>\n<li>ein angenehmes, kollegiales Betriebsklima in einem erfolgreichen Unternehmen<\/li>\n<li>Aktivit\u00e4ten mit den Auszubildenden aus allen Ausbildungsg\u00e4ngen und Jahrg\u00e4ngen des KJ-Firmenverbundes<\/li>\n<li>sehr gute Betreuung und individuelle F\u00f6rderung w\u00e4hrend der Ausbildung<\/li>\n<li>sehr gute \u00dcbernahmechancen nach erfolgreichem Abschluss der Ausbildung<\/li>\n<li>Weiterbildung gem\u00e4\u00df pers\u00f6nlicher Neigung<\/li>\n<li>Ausbildungsverg\u00fctung oberhalb der Handelskammerempfehlung mit j\u00e4hrlicher Steigerung<\/li>\n<li>Weihnachts- und Urlaubsgeld<\/li>\n<li>Kosten\u00fcbernahme f\u00fcr die HVV Card<\/li>\n<li>betriebliches Gesundheitsmanagement<\/li>\n<li>betriebliche Altersvorsorge<\/li>\n<\/ul>\n<p><strong>KJ-Firmenverbund<\/strong><\/p>\n<p>Zum Kaufmann\/Kauffrau f\u00fcr IT-Systemmanagement (m\/w\/d) bilden wir in unserer kaufm\u00e4nnischen Gesellschaft HanseGarant mit Sitz in Hamburg Wandsbek aus. Alle Gesellschaften des KJ-Firmenverbundes wirst Du im Laufe der Ausbildung kennen lernen, wenn Du deren IT und Kommunikation mitbetreust. Informiere Dich<a href=\"http:\/\/www.hansegarant.de\"> hier<\/a>, um mehr \u00fcber Deine Ausbildungsfirma zu erfahren.<\/p>\n<\/div><\/div><\/div><div class=\"fusion-layout-column fusion_builder_column fusion-builder-column-2 fusion_builder_column_1_3 1_3 fusion-flex-column seitenspalte_rechts\" style=\"--awb-padding-left:15px;--awb-bg-size:cover;--awb-border-color:#00629f;--awb-border-top:0;--awb-border-right:0;--awb-border-bottom:0;--awb-border-left:2px;--awb-border-style:dotted;--awb-width-large:33.333333333333%;--awb-margin-top-large:0px;--awb-spacing-right-large:5.76%;--awb-margin-bottom-large:20px;--awb-spacing-left-large:5.76%;--awb-width-medium:100%;--awb-order-medium:0;--awb-spacing-right-medium:1.92%;--awb-spacing-left-medium:1.92%;--awb-width-small:100%;--awb-order-small:0;--awb-spacing-right-small:1.92%;--awb-spacing-left-small:1.92%;\"><div class=\"fusion-column-wrapper fusion-column-has-shadow fusion-flex-justify-content-flex-start fusion-content-layout-column\"><div class=\"fusion-text fusion-text-3\"><p>Bei Interesse und weiteren Fragen rufe uns einfach an.<br \/>\nOder sende uns Deine Bewerbung.<br \/>\nUnser Team freut sich auf Dich!<\/p>\n<p>KNAACK &amp; JAHN Firmenverbund<br \/>\nKathrin Friedrich<br \/>\nMobil + <a href=\"https:\/\/wa.me\/4915119111423\">WhatsApp<\/a> <a href=\"tel:+4915119111423\">0151 19 11 14 23<\/a><br \/>\n<a href=\"mailto:Bewerbung@k-j.de\"><b>Bewerbung@k-j.de<\/b><\/a><br \/>\nUsedomstra\u00dfe 16<br \/>\n22047 Hamburg<\/p>\n<\/div><div class=\"fusion-image-element \" style=\"--awb-caption-title-font-family:var(--h2_typography-font-family);--awb-caption-title-font-weight:var(--h2_typography-font-weight);--awb-caption-title-font-style:var(--h2_typography-font-style);--awb-caption-title-size:var(--h2_typography-font-size);--awb-caption-title-transform:var(--h2_typography-text-transform);--awb-caption-title-line-height:var(--h2_typography-line-height);--awb-caption-title-letter-spacing:var(--h2_typography-letter-spacing);\"><span class=\" fusion-imageframe imageframe-none imageframe-1 hover-type-none\"><img decoding=\"async\" width=\"300\" height=\"200\" title=\"IT-Systemmanagement transparent\" src=\"http:\/\/k-j.de\/wp-content\/uploads\/2024\/02\/2605_5694-IT-Systemmanagement.png\" alt class=\"img-responsive wp-image-1469\" srcset=\"https:\/\/k-j.de\/wp-content\/uploads\/2024\/02\/2605_5694-IT-Systemmanagement-200x133.png 200w, https:\/\/k-j.de\/wp-content\/uploads\/2024\/02\/2605_5694-IT-Systemmanagement.png 300w\" sizes=\"(max-width: 1024px) 100vw, (max-width: 640px) 100vw, 300px\" \/><\/span><\/div><\/div><\/div><\/div><\/div><\/p>\n","protected":false},"excerpt":{"rendered":"","protected":false},"author":1,"featured_media":0,"parent":1345,"menu_order":0,"comment_status":"closed","ping_status":"closed","template":"","meta":{"footnotes":""},"_links":{"self":[{"href":"https:\/\/k-j.de\/index.php?rest_route=\/wp\/v2\/pages\/1431"}],"collection":[{"href":"https:\/\/k-j.de\/index.php?rest_route=\/wp\/v2\/pages"}],"about":[{"href":"https:\/\/k-j.de\/index.php?rest_route=\/wp\/v2\/types\/page"}],"author":[{"embeddable":true,"href":"https:\/\/k-j.de\/index.php?rest_route=\/wp\/v2\/users\/1"}],"replies":[{"embeddable":true,"href":"https:\/\/k-j.de\/index.php?rest_route=%2Fwp%2Fv2%2Fcomments&post=1431"}],"version-history":[{"count":8,"href":"https:\/\/k-j.de\/index.php?rest_route=\/wp\/v2\/pages\/1431\/revisions"}],"predecessor-version":[{"id":1622,"href":"https:\/\/k-j.de\/index.php?rest_route=\/wp\/v2\/pages\/1431\/revisions\/1622"}],"up":[{"embeddable":true,"href":"https:\/\/k-j.de\/index.php?rest_route=\/wp\/v2\/pages\/1345"}],"wp:attachment":[{"href":"https:\/\/k-j.de\/index.php?rest_route=%2Fwp%2Fv2%2Fmedia&parent=1431"}],"curies":[{"name":"wp","href":"https:\/\/api.w.org\/{rel}","templated":true}]}}