{"id":1350,"date":"2024-02-15T14:03:50","date_gmt":"2024-02-15T13:03:50","guid":{"rendered":"http:\/\/wp.k-j.de\/?page_id=1350"},"modified":"2024-03-04T21:48:38","modified_gmt":"2024-03-04T20:48:38","slug":"anlagenmechaniker-shk","status":"publish","type":"page","link":"https:\/\/k-j.de\/?page_id=1350","title":{"rendered":"Anlagenmechaniker SHK"},"content":{"rendered":"<p><div class=\"fusion-fullwidth fullwidth-box fusion-builder-row-1 fusion-flex-container nonhundred-percent-fullwidth non-hundred-percent-height-scrolling\" style=\"--awb-border-radius-top-left:0px;--awb-border-radius-top-right:0px;--awb-border-radius-bottom-right:0px;--awb-border-radius-bottom-left:0px;--awb-flex-wrap:wrap;\" ><div class=\"fusion-builder-row fusion-row fusion-flex-align-items-flex-start fusion-flex-content-wrap\" style=\"max-width:1300px;margin-left: calc(-4% \/ 2 );margin-right: calc(-4% \/ 2 );\"><div class=\"fusion-layout-column fusion_builder_column fusion-builder-column-0 fusion_builder_column_1_1 1_1 fusion-flex-column\" style=\"--awb-bg-size:cover;--awb-width-large:100%;--awb-margin-top-large:0px;--awb-spacing-right-large:1.92%;--awb-margin-bottom-large:0px;--awb-spacing-left-large:1.92%;--awb-width-medium:100%;--awb-spacing-right-medium:1.92%;--awb-spacing-left-medium:1.92%;--awb-width-small:100%;--awb-spacing-right-small:1.92%;--awb-spacing-left-small:1.92%;\"><div class=\"fusion-column-wrapper fusion-flex-justify-content-flex-start fusion-content-layout-column\"><div class=\"fusion-text fusion-text-1\"><h2>Anlagenmechaniker Sanit\u00e4r-, Heizungs- und Klimatechnik (w\/m\/d)<\/h2>\n<\/div><\/div><\/div><\/div><\/div><div class=\"fusion-fullwidth fullwidth-box fusion-builder-row-2 fusion-flex-container nonhundred-percent-fullwidth non-hundred-percent-height-scrolling\" style=\"--awb-border-radius-top-left:0px;--awb-border-radius-top-right:0px;--awb-border-radius-bottom-right:0px;--awb-border-radius-bottom-left:0px;--awb-flex-wrap:wrap;\" ><div class=\"fusion-builder-row fusion-row fusion-flex-align-items-flex-start fusion-flex-content-wrap\" style=\"max-width:1300px;margin-left: calc(-4% \/ 2 );margin-right: calc(-4% \/ 2 );\"><div class=\"fusion-layout-column fusion_builder_column fusion-builder-column-1 fusion_builder_column_2_3 2_3 fusion-flex-column\" style=\"--awb-bg-size:cover;--awb-width-large:66.666666666667%;--awb-margin-top-large:0px;--awb-spacing-right-large:2.88%;--awb-margin-bottom-large:20px;--awb-spacing-left-large:2.88%;--awb-width-medium:100%;--awb-spacing-right-medium:1.92%;--awb-spacing-left-medium:1.92%;--awb-width-small:100%;--awb-spacing-right-small:1.92%;--awb-spacing-left-small:1.92%;\"><div class=\"fusion-column-wrapper fusion-flex-justify-content-flex-start fusion-content-layout-column\"><div class=\"fusion-text fusion-text-2\"><p>Anlagenmechaniker f\u00fcr Sanit\u00e4r-, Heizungs- und Klimatechnik installieren Wasser- und L\u00fcftungssysteme, bauen Sanit\u00e4ranlagen ein und schlie\u00dfen diese an. Sie montieren Heizungssysteme, nehmen diese in Betrieb, reparieren und warten sie.<\/p>\n<p>Insbesondere die Entwicklung zu neuen, energieeffizienten und umweltschonenden Systemen macht den Anlagenmechaniker S\/H\/K zu einem besonders nachhaltigen Beruf mit Zukunft!<\/p>\n<p>Als Azubi zum Anlagenmechaniker S\/H\/K wirst Du schwerpunktm\u00e4\u00dfig von unseren Gesellen auf den Baustellen ausgebildet. F\u00fcr feste Zeitr\u00e4ume gehst Du mit einem mit Deiner Ausbildung betrauten Gesellen mit und lernst vor Ort die wichtigsten T\u00e4tigkeiten kennen. Dabei werden zun\u00e4chst alle Gewerke ber\u00fccksichtigt, also Heizungstechnik, L\u00fcftungstechnik und Sanit\u00e4rtechnik. Sp\u00e4ter kannst Du einen Schwerpunkt w\u00e4hlen, und auch Deine Baustelleneins\u00e4tze k\u00f6nnen danach ausgerichtet werden.<\/p>\n<p>W\u00e4hrend der gesamten Ausbildung finden Seminare und Lehrg\u00e4nge an der Innung und in unserer Ausbildungswerkstatt statt. Auch spezielle Pr\u00fcfungsvorbereitung erh\u00e4ltst Du in unserer Ausbildungswerkstatt.<\/p>\n<p>Die Ausbildung dauert 3,5 Jahre. Die Berufsschule findet im Blockunterricht an der BS 13 in Wilhelmsburg statt.<\/p>\n<p><strong>Dein Profil<\/strong><br \/>\nHast Du handwerkliches Geschick und technisches Interesse? Arbeitest Du sorgf\u00e4ltig und gewissenhaft? Dann bist Du bei uns genau richtig! Hattest Du an der Schule Interesse an den F\u00e4chern Mathe, Chemie und Physik? Verf\u00fcgst Du \u00fcber einen guten ESA oder einen MSA? Dann lerne uns kennen und bewirb Dich bei uns!<\/p>\n<p><strong>Unser Angebot<\/strong><\/p>\n<ul>\n<li style=\"list-style-type: none;\">\n<ul>\n<li>eine abwechslungsreiche, umfassende und qualitativ hochwertige Ausbildung auf verschiedenen Baustellen und in Ausbildungswerkst\u00e4tten<\/li>\n<li>ein angenehmes, kollegiales Betriebsklima in einem erfolgreichen Unternehmen<\/li>\n<li>Aktivit\u00e4ten mit den Auszubildenden aller Ausbildungsg\u00e4nge des KJ-Firmenverbundes<\/li>\n<li>sehr gute Betreuung und individuelle Unterst\u00fctzung w\u00e4hrend der Ausbildung<\/li>\n<li>sehr gute \u00dcbernahmechancen nach erfolgreichem Abschluss der Ausbildung<\/li>\n<li>Schwerpunktwahl im Rahmen der Ausbildung nach pers\u00f6nlichen Neigungen<\/li>\n<li>Weiterbildungsm\u00f6glichkeiten<\/li>\n<li>Ausbildungsverg\u00fctung \u00fcber der Handwerkskammerempfehlung mit j\u00e4hrlicher Steigerung<\/li>\n<li>Weihnachts- und Urlaubsgeld<\/li>\n<li>Kosten\u00fcbernahme f\u00fcr die HVV Card<\/li>\n<li>betriebliches Gesundheitsmanagement<\/li>\n<li>betriebliche Altersvorsorge<\/li>\n<\/ul>\n<\/li>\n<\/ul>\n<p><strong>KJ-Firmenverbund<\/strong><\/p>\n<p>Zum Anlagenmechaniker S\/H\/K (m\/w\/d) bilden wir bei der K+J Haustechnik GmbH, Rahlau 28, in 20245 Hamburg Tonndorf aus. Informiere Dich <a href=\"http:\/\/kj-haustechnik.de\">hier<\/a>, um mehr \u00fcber die Firma zu erfahren.<\/p>\n<\/div><\/div><\/div><div class=\"fusion-layout-column fusion_builder_column fusion-builder-column-2 fusion_builder_column_1_3 1_3 fusion-flex-column seitenspalte_rechts\" style=\"--awb-padding-left:15px;--awb-bg-size:cover;--awb-border-color:#00629f;--awb-border-top:0;--awb-border-right:0;--awb-border-bottom:0;--awb-border-left:2px;--awb-border-style:dotted;--awb-width-large:33.333333333333%;--awb-margin-top-large:0px;--awb-spacing-right-large:5.76%;--awb-margin-bottom-large:20px;--awb-spacing-left-large:5.76%;--awb-width-medium:100%;--awb-order-medium:0;--awb-spacing-right-medium:1.92%;--awb-spacing-left-medium:1.92%;--awb-width-small:100%;--awb-order-small:0;--awb-spacing-right-small:1.92%;--awb-spacing-left-small:1.92%;\"><div class=\"fusion-column-wrapper fusion-column-has-shadow fusion-flex-justify-content-flex-start fusion-content-layout-column\"><div class=\"fusion-text fusion-text-3\"><p>Bei Interesse und weiteren Fragen rufe uns einfach an.<br \/>\nOder sende uns Deine Bewerbung.<br \/>\nUnser Team freut sich auf Dich!<\/p>\n<p>KNAACK &amp; JAHN Firmenverbund<br \/>\nKathrin Friedrich<br \/>\nMobil + <a href=\"https:\/\/wa.me\/4915119111423\">WhatsApp<\/a> <a href=\"tel:+4915119111423\">0151 19 11 14 23<\/a><br \/>\n<a href=\"mailto:Bewerbung@k-j.de\"><b>Bewerbung@k-j.de<\/b><\/a><br \/>\nUsedomstra\u00dfe 16<br \/>\n22047 Hamburg<\/p>\n<\/div><div class=\"fusion-image-element \" style=\"text-align:center;--awb-caption-title-font-family:var(--h2_typography-font-family);--awb-caption-title-font-weight:var(--h2_typography-font-weight);--awb-caption-title-font-style:var(--h2_typography-font-style);--awb-caption-title-size:var(--h2_typography-font-size);--awb-caption-title-transform:var(--h2_typography-text-transform);--awb-caption-title-line-height:var(--h2_typography-line-height);--awb-caption-title-letter-spacing:var(--h2_typography-letter-spacing);\"><span class=\" fusion-imageframe imageframe-none imageframe-1 hover-type-none\"><img decoding=\"async\" width=\"2953\" height=\"1970\" title=\"Anlagenmechaniker SHK transparent\" src=\"http:\/\/k-j.de\/wp-content\/uploads\/2024\/02\/2605_5836-Anlagenmechaniker-SHK.png\" alt class=\"img-responsive wp-image-1404\" srcset=\"https:\/\/k-j.de\/wp-content\/uploads\/2024\/02\/2605_5836-Anlagenmechaniker-SHK-200x133.png 200w, https:\/\/k-j.de\/wp-content\/uploads\/2024\/02\/2605_5836-Anlagenmechaniker-SHK-400x267.png 400w, https:\/\/k-j.de\/wp-content\/uploads\/2024\/02\/2605_5836-Anlagenmechaniker-SHK-600x400.png 600w, https:\/\/k-j.de\/wp-content\/uploads\/2024\/02\/2605_5836-Anlagenmechaniker-SHK-800x534.png 800w, https:\/\/k-j.de\/wp-content\/uploads\/2024\/02\/2605_5836-Anlagenmechaniker-SHK-1200x801.png 1200w, https:\/\/k-j.de\/wp-content\/uploads\/2024\/02\/2605_5836-Anlagenmechaniker-SHK.png 2953w\" sizes=\"(max-width: 1024px) 100vw, (max-width: 640px) 100vw, 400px\" \/><\/span><\/div><\/div><\/div><\/div><\/div><\/p>\n","protected":false},"excerpt":{"rendered":"","protected":false},"author":1,"featured_media":0,"parent":1345,"menu_order":0,"comment_status":"closed","ping_status":"closed","template":"","meta":{"footnotes":""},"_links":{"self":[{"href":"https:\/\/k-j.de\/index.php?rest_route=\/wp\/v2\/pages\/1350"}],"collection":[{"href":"https:\/\/k-j.de\/index.php?rest_route=\/wp\/v2\/pages"}],"about":[{"href":"https:\/\/k-j.de\/index.php?rest_route=\/wp\/v2\/types\/page"}],"author":[{"embeddable":true,"href":"https:\/\/k-j.de\/index.php?rest_route=\/wp\/v2\/users\/1"}],"replies":[{"embeddable":true,"href":"https:\/\/k-j.de\/index.php?rest_route=%2Fwp%2Fv2%2Fcomments&post=1350"}],"version-history":[{"count":29,"href":"https:\/\/k-j.de\/index.php?rest_route=\/wp\/v2\/pages\/1350\/revisions"}],"predecessor-version":[{"id":1611,"href":"https:\/\/k-j.de\/index.php?rest_route=\/wp\/v2\/pages\/1350\/revisions\/1611"}],"up":[{"embeddable":true,"href":"https:\/\/k-j.de\/index.php?rest_route=\/wp\/v2\/pages\/1345"}],"wp:attachment":[{"href":"https:\/\/k-j.de\/index.php?rest_route=%2Fwp%2Fv2%2Fmedia&parent=1350"}],"curies":[{"name":"wp","href":"https:\/\/api.w.org\/{rel}","templated":true}]}}